{"id":705,"date":"2026-01-01T13:28:17","date_gmt":"2026-01-01T13:28:17","guid":{"rendered":"https:\/\/atelierdubronze.fr\/?page_id=705"},"modified":"2026-02-26T13:26:43","modified_gmt":"2026-02-26T13:26:43","slug":"parution","status":"publish","type":"page","link":"https:\/\/atelierdubronze.fr\/?page_id=705","title":{"rendered":"Parution"},"content":{"rendered":"\n<p style=\"font-style:italic;font-weight:900\">Article page 18 du magazine Talent(s) : <\/p>\n\n\n\n<figure class=\"wp-block-image aligncenter size-full\"><a href=\"https:\/\/atelierdubronze.fr\/wp-content\/uploads\/2026\/01\/TALENTS_11-2025.jpg\"><img decoding=\"async\" width=\"598\" height=\"846\" src=\"https:\/\/atelierdubronze.fr\/wp-content\/uploads\/2026\/01\/TALENTS_11-2025.jpg\" alt=\"Parution magazine Talent (s) Novembre 2025 Arnaud DELAIGUE\" class=\"wp-image-710\" srcset=\"https:\/\/atelierdubronze.fr\/wp-content\/uploads\/2026\/01\/TALENTS_11-2025.jpg 598w, https:\/\/atelierdubronze.fr\/wp-content\/uploads\/2026\/01\/TALENTS_11-2025-212x300.jpg 212w\" sizes=\"(max-width: 598px) 100vw, 598px\" \/><\/a><\/figure>\n\n\n\n<p class=\"has-text-align-center\">Cr\u00e9dit photo: Ludovic Letot<\/p>\n\n\n<div style=\"text-align: center;\">\n<div>Retrouvez l&rsquo;Article page 18 en version num\u00e9rique\u00a0<\/div>\n<div style=\"margin: 8px 0px 4px;\"><a href=\"https:\/\/www.calameo.com\/books\/006789948aca7497ab010\" target=\"_blank\" rel=\"noopener\">Talent(s) #13 | Novembre 2025<\/a><\/div>\n<p><iframe style=\"margin: 0 auto;\" src=\"\/\/v.calameo.com\/?bkcode=006789948aca7497ab010\" width=\"300\" height=\"194\" frameborder=\"0\" scrolling=\"no\" allowfullscreen=\"allowfullscreen\"><\/iframe><\/p>\n<div style=\"margin: 4px 0px 8px;\"><a href=\"http:\/\/www.calameo.com\/\">Publish at Calameo<\/a><\/div>\n<\/div>\n\n\n<p><em><strong>Article page 6 du la R\u00e9publique du Centre du 25 F\u00e9vrier 2026 :<\/strong><\/em><\/p>\n\n\n\n<figure class=\"wp-block-image aligncenter size-large\"><a href=\"https:\/\/atelierdubronze.fr\/wp-content\/uploads\/2026\/02\/RC_Loiret_25-02-2026_Web-page-6.jpg\"><img decoding=\"async\" width=\"814\" height=\"1024\" src=\"https:\/\/atelierdubronze.fr\/wp-content\/uploads\/2026\/02\/RC_Loiret_25-02-2026_Web-page-6-814x1024.jpg\" alt=\"\" class=\"wp-image-736\" srcset=\"https:\/\/atelierdubronze.fr\/wp-content\/uploads\/2026\/02\/RC_Loiret_25-02-2026_Web-page-6-814x1024.jpg 814w, https:\/\/atelierdubronze.fr\/wp-content\/uploads\/2026\/02\/RC_Loiret_25-02-2026_Web-page-6-239x300.jpg 239w, https:\/\/atelierdubronze.fr\/wp-content\/uploads\/2026\/02\/RC_Loiret_25-02-2026_Web-page-6.jpg 1193w\" sizes=\"(max-width: 814px) 100vw, 814px\" \/><\/a><\/figure>\n\n\n\n<p class=\"has-text-align-left\">Cr\u00e9dit photo: Christelle Gaujard<\/p>\n\n\n\n<p>Retrouvez l&rsquo;<a href=\"https:\/\/www.larep.fr\/saint-jean-le-blanc-45650\/actualites\/arnaud-delaigue-bichonne-les-clous-d-orleans-rencontre-avec-ce-bronzier-dart-installe-a-saint-jean-le-blanc_14834875\/\">Article en version num\u00e9rique avec photos et vid\u00e9os compl\u00e9mentaires &#8211; la R\u00e9publique du Centre du 25 F\u00e9vrier 2026 <\/a><\/p>\n\n\n\n<p><\/p>\n","protected":false},"excerpt":{"rendered":"<p>Article page 18 du magazine Talent(s) : Cr\u00e9dit photo: Ludovic Letot Retrouvez l&rsquo;Article page 18 en version num\u00e9rique\u00a0 Talent(s) #13 | Novembre 2025 Publish at Calameo Article page 6 du la R\u00e9publique du Centre du 25 F\u00e9vrier 2026 : Cr\u00e9dit photo: Christelle Gaujard Retrouvez l&rsquo;Article en version num\u00e9rique avec photos et vid\u00e9os compl\u00e9mentaires &#8211; la &hellip; <\/p>\n<p class=\"link-more\"><a href=\"https:\/\/atelierdubronze.fr\/?page_id=705\" class=\"more-link\">Lire la suite de<span class=\"screen-reader-text\">\u00ab\u00a0Parution\u00a0\u00bb<\/span><\/a><\/p>\n","protected":false},"author":1,"featured_media":0,"parent":0,"menu_order":0,"comment_status":"closed","ping_status":"closed","template":"","meta":{"footnotes":""},"class_list":["post-705","page","type-page","status-publish","hentry"],"_links":{"self":[{"href":"https:\/\/atelierdubronze.fr\/index.php?rest_route=\/wp\/v2\/pages\/705","targetHints":{"allow":["GET"]}}],"collection":[{"href":"https:\/\/atelierdubronze.fr\/index.php?rest_route=\/wp\/v2\/pages"}],"about":[{"href":"https:\/\/atelierdubronze.fr\/index.php?rest_route=\/wp\/v2\/types\/page"}],"author":[{"embeddable":true,"href":"https:\/\/atelierdubronze.fr\/index.php?rest_route=\/wp\/v2\/users\/1"}],"replies":[{"embeddable":true,"href":"https:\/\/atelierdubronze.fr\/index.php?rest_route=%2Fwp%2Fv2%2Fcomments&post=705"}],"version-history":[{"count":12,"href":"https:\/\/atelierdubronze.fr\/index.php?rest_route=\/wp\/v2\/pages\/705\/revisions"}],"predecessor-version":[{"id":743,"href":"https:\/\/atelierdubronze.fr\/index.php?rest_route=\/wp\/v2\/pages\/705\/revisions\/743"}],"wp:attachment":[{"href":"https:\/\/atelierdubronze.fr\/index.php?rest_route=%2Fwp%2Fv2%2Fmedia&parent=705"}],"curies":[{"name":"wp","href":"https:\/\/api.w.org\/{rel}","templated":true}]}}