{"id":49,"date":"2025-07-26T20:03:50","date_gmt":"2025-07-26T20:03:50","guid":{"rendered":"https:\/\/atelierdubronze.fr\/?page_id=49"},"modified":"2026-02-26T13:28:58","modified_gmt":"2026-02-26T13:28:58","slug":"accueil","status":"publish","type":"page","link":"https:\/\/atelierdubronze.fr\/","title":{"rendered":"Accueil"},"content":{"rendered":"\n<figure class=\"wp-block-image size-large is-resized\"><a href=\"https:\/\/atelierdubronze.fr\/?page_id=705\"><img decoding=\"async\" width=\"1024\" height=\"199\" src=\"http:\/\/atelierdubronze.fr\/wp-content\/uploads\/2026\/02\/RC_Loiret_25-02-2026_WebBW-PG-1024x199.jpg\" alt=\"\" class=\"wp-image-733\" style=\"aspect-ratio:5.146363828736686;width:1140px;height:auto\" srcset=\"https:\/\/atelierdubronze.fr\/wp-content\/uploads\/2026\/02\/RC_Loiret_25-02-2026_WebBW-PG-1024x199.jpg 1024w, https:\/\/atelierdubronze.fr\/wp-content\/uploads\/2026\/02\/RC_Loiret_25-02-2026_WebBW-PG-300x58.jpg 300w, https:\/\/atelierdubronze.fr\/wp-content\/uploads\/2026\/02\/RC_Loiret_25-02-2026_WebBW-PG-2000x388.jpg 2000w\" sizes=\"(max-width: 1024px) 100vw, 1024px\" \/><\/a><\/figure>\n\n\n\n<div class=\"wp-block-cover alignfull is-light has-parallax\" style=\"min-height:612px;aspect-ratio:unset;\"><div class=\"wp-block-cover__image-background wp-image-172 size-full has-parallax\" style=\"background-position:50% 50%;background-image:url(http:\/\/atelierdubronze.fr\/wp-content\/uploads\/2025\/07\/f937bc02-a887-4e99-8ee7-6f3e426f2c6b-2.jpg)\"><\/div><span aria-hidden=\"true\" class=\"wp-block-cover__background has-background-dim\" style=\"background-color:#897d70\"><\/span><div class=\"wp-block-cover__inner-container is-layout-flow wp-block-cover-is-layout-flow\">\n<p class=\"has-text-align-center has-white-color has-text-color has-link-color wp-elements-b3f65eaa1e21ac30091a19bcdc08ca38\" style=\"font-size:clamp(29.768px, 1.861rem + ((1vw - 3.2px) * 2.316), 52px);font-style:normal;font-weight:800;line-height:1.6\">L&rsquo;<strong>atelier d&rsquo;Art et Bronze<\/strong><\/p>\n<\/div><\/div>\n\n\n\n<div style=\"height:49px\" aria-hidden=\"true\" class=\"wp-block-spacer\"><\/div>\n\n\n\n<p class=\"has-text-align-center\" style=\"font-size:clamp(15.197px, 0.95rem + ((1vw - 3.2px) * 0.813), 23px);\">Depuis pr\u00e8s de 20 ans notre atelier d&rsquo;art est au service des artistes, des institutionnels, mais \u00e9galement d&rsquo;une client\u00e8le de professionnels et de particuliers pour la r\u00e9alisation et la restauration de leurs \u0153uvres en bronze ou tout objet en m\u00e9taux cuivreux.<\/p>\n\n\n\n<p class=\"has-text-align-center\" style=\"font-size:clamp(15.197px, 0.95rem + ((1vw - 3.2px) * 0.813), 23px);\">Passionn\u00e9s des m\u00e9tiers d&rsquo;art, notre atelier familial est \u00e0 votre \u00e9coute afin de pouvoir retranscrire au mieux vos aspirations et envies.<\/p>\n\n\n\n<p class=\"has-background-color has-text-color has-link-color wp-elements-1cd39a7d7029ac6c145abc1d5df83ea7\">#artetbronze#atelierdubronze#artisandart#artisan#artisanfrancais#ciselure#patine#restauration#gravure#surmesure#realisationsurmesure#expertise#expertisetechnique#techniqueartisanale#passion#metierdart#restaurationbronze#creationbronze#surmesure#artetbronze#atelierdubronze#savoirfaire#oxyde#bronzecontemporain#bronzeancien#patinetraditionnelle#bronzierdart#metauxcuivreux#passionart#artpassion<\/p>\n\n\n\n<p><\/p>\n","protected":false},"excerpt":{"rendered":"<p>Depuis pr\u00e8s de 20 ans notre atelier d&rsquo;art est au service des artistes, des institutionnels, mais \u00e9galement d&rsquo;une client\u00e8le de professionnels et de particuliers pour la r\u00e9alisation et la restauration de leurs \u0153uvres en bronze ou tout objet en m\u00e9taux cuivreux. Passionn\u00e9s des m\u00e9tiers d&rsquo;art, notre atelier familial est \u00e0 votre \u00e9coute afin de pouvoir &hellip; <\/p>\n<p class=\"link-more\"><a href=\"https:\/\/atelierdubronze.fr\/\" class=\"more-link\">Lire la suite de<span class=\"screen-reader-text\">\u00ab\u00a0Accueil\u00a0\u00bb<\/span><\/a><\/p>\n","protected":false},"author":1,"featured_media":0,"parent":0,"menu_order":0,"comment_status":"closed","ping_status":"closed","template":"","meta":{"footnotes":""},"class_list":["post-49","page","type-page","status-publish","hentry"],"_links":{"self":[{"href":"https:\/\/atelierdubronze.fr\/index.php?rest_route=\/wp\/v2\/pages\/49","targetHints":{"allow":["GET"]}}],"collection":[{"href":"https:\/\/atelierdubronze.fr\/index.php?rest_route=\/wp\/v2\/pages"}],"about":[{"href":"https:\/\/atelierdubronze.fr\/index.php?rest_route=\/wp\/v2\/types\/page"}],"author":[{"embeddable":true,"href":"https:\/\/atelierdubronze.fr\/index.php?rest_route=\/wp\/v2\/users\/1"}],"replies":[{"embeddable":true,"href":"https:\/\/atelierdubronze.fr\/index.php?rest_route=%2Fwp%2Fv2%2Fcomments&post=49"}],"version-history":[{"count":67,"href":"https:\/\/atelierdubronze.fr\/index.php?rest_route=\/wp\/v2\/pages\/49\/revisions"}],"predecessor-version":[{"id":744,"href":"https:\/\/atelierdubronze.fr\/index.php?rest_route=\/wp\/v2\/pages\/49\/revisions\/744"}],"wp:attachment":[{"href":"https:\/\/atelierdubronze.fr\/index.php?rest_route=%2Fwp%2Fv2%2Fmedia&parent=49"}],"curies":[{"name":"wp","href":"https:\/\/api.w.org\/{rel}","templated":true}]}}