{"id":465,"date":"2025-08-29T14:56:51","date_gmt":"2025-08-29T14:56:51","guid":{"rendered":"https:\/\/atelierdubronze.fr\/?page_id=465"},"modified":"2025-09-18T10:01:43","modified_gmt":"2025-09-18T10:01:43","slug":"ciselure","status":"publish","type":"page","link":"https:\/\/atelierdubronze.fr\/?page_id=465","title":{"rendered":"Ciselure"},"content":{"rendered":"\n<p style=\"font-size:clamp(16.293px, 1.018rem + ((1vw - 3.2px) * 0.907), 25px);\"><strong>Notre savoir-faire<\/strong><\/p>\n\n\n\n<p style=\"font-size:clamp(14px, 0.875rem + ((1vw - 3.2px) * 0.417), 18px);\">Notre ma\u00eetrise des techniques traditionnelles nous permet de restaurer ou de r\u00e9aliser des bronzes dans la plus pure tradition de la fonte d&rsquo;art fran\u00e7aise. Equip\u00e9 de poste TIG, scanner 3d et imprimante 3d, nous sommes \u00e0 m\u00eame de proposer des solutions innovantes pour vos r\u00e9alisations.<\/p>\n\n\n\n<figure class=\"wp-block-gallery has-nested-images columns-default is-cropped wp-block-gallery-1 is-layout-flex wp-block-gallery-is-layout-flex\">\n<figure class=\"wp-block-image size-medium\"><img decoding=\"async\" width=\"300\" height=\"227\" data-id=\"548\" src=\"https:\/\/atelierdubronze.fr\/wp-content\/uploads\/2025\/09\/LA-GRANDE-LEVANTINE_agrandissement_3D-300x227.jpg\" alt=\"agrandissement 3D de &quot;la levantine&quot; de Marie-Paule Deville-Chabrolle\" class=\"wp-image-548\" srcset=\"https:\/\/atelierdubronze.fr\/wp-content\/uploads\/2025\/09\/LA-GRANDE-LEVANTINE_agrandissement_3D-300x227.jpg 300w, https:\/\/atelierdubronze.fr\/wp-content\/uploads\/2025\/09\/LA-GRANDE-LEVANTINE_agrandissement_3D-1024x776.jpg 1024w, https:\/\/atelierdubronze.fr\/wp-content\/uploads\/2025\/09\/LA-GRANDE-LEVANTINE_agrandissement_3D.jpg 1320w\" sizes=\"(max-width: 300px) 100vw, 300px\" \/><\/figure>\n\n\n\n<figure class=\"wp-block-image size-full\"><img decoding=\"async\" width=\"600\" height=\"800\" data-id=\"563\" src=\"https:\/\/atelierdubronze.fr\/wp-content\/uploads\/2025\/09\/LA-GRANDE-LEVANTINE_ciselure_en_cours.jpg\" alt=\"bronze en cours de ciselure &quot;La grande levantine&quot; de Marie-Paule Deville-Chabrolle r\u00e9alis\u00e9 par Arnaud Delaigue ART &amp; BRONZE artisan d'art fran\u00e7ais\" class=\"wp-image-563\" srcset=\"https:\/\/atelierdubronze.fr\/wp-content\/uploads\/2025\/09\/LA-GRANDE-LEVANTINE_ciselure_en_cours.jpg 600w, https:\/\/atelierdubronze.fr\/wp-content\/uploads\/2025\/09\/LA-GRANDE-LEVANTINE_ciselure_en_cours-225x300.jpg 225w\" sizes=\"(max-width: 600px) 100vw, 600px\" \/><\/figure>\n\n\n\n<figure class=\"wp-block-image size-large\"><img decoding=\"async\" width=\"1024\" height=\"865\" data-id=\"549\" src=\"https:\/\/atelierdubronze.fr\/wp-content\/uploads\/2025\/09\/LA-GRANDE-LEVANTINE_patine_en_cours-1024x865.jpg\" alt=\"bronze en cours de patine &quot;La grande levantine&quot; de Marie-Paule Deville-Chabrolle par Arnaud Delaigue ART &amp; BRONZE artisan d'art fran\u00e7ais\" class=\"wp-image-549\" srcset=\"https:\/\/atelierdubronze.fr\/wp-content\/uploads\/2025\/09\/LA-GRANDE-LEVANTINE_patine_en_cours-1024x865.jpg 1024w, https:\/\/atelierdubronze.fr\/wp-content\/uploads\/2025\/09\/LA-GRANDE-LEVANTINE_patine_en_cours-300x253.jpg 300w, https:\/\/atelierdubronze.fr\/wp-content\/uploads\/2025\/09\/LA-GRANDE-LEVANTINE_patine_en_cours.jpg 1184w\" sizes=\"(max-width: 1024px) 100vw, 1024px\" \/><\/figure>\n\n\n\n<figure class=\"wp-block-image size-full is-style-default\"><img decoding=\"async\" width=\"912\" height=\"800\" data-id=\"562\" src=\"https:\/\/atelierdubronze.fr\/wp-content\/uploads\/2025\/09\/LA-GRANDE-LEVANTINE_agrandissement1_3D.jpg\" alt=\"bronze patin\u00e9 &quot;La grande levantine&quot; de Marie-Paule Deville-Chabrolle r\u00e9alis\u00e9 par Arnaud Delaigue ART &amp; BRONZE artisan d'art fran\u00e7ais\" class=\"wp-image-562\" srcset=\"https:\/\/atelierdubronze.fr\/wp-content\/uploads\/2025\/09\/LA-GRANDE-LEVANTINE_agrandissement1_3D.jpg 912w, https:\/\/atelierdubronze.fr\/wp-content\/uploads\/2025\/09\/LA-GRANDE-LEVANTINE_agrandissement1_3D-300x263.jpg 300w\" sizes=\"(max-width: 912px) 100vw, 912px\" \/><\/figure>\n<\/figure>\n\n\n\n<p>agrandissement 3D de \u00ab\u00a0la levantine\u00a0\u00bb &#8211; bronze patin\u00e9 \u00ab\u00a0La grande levantine\u00a0\u00bb<\/p>\n\n\n\n<hr class=\"wp-block-separator has-alpha-channel-opacity\"\/>\n\n\n\n<p style=\"font-size:clamp(16.293px, 1.018rem + ((1vw - 3.2px) * 0.907), 25px);\"><strong>Ciselure et Patine<\/strong><\/p>\n\n\n\n<p style=\"font-size:clamp(14px, 0.875rem + ((1vw - 3.2px) * 0.417), 18px);\">La ciselure est une \u00e9tape charni\u00e8re et d\u00e9licate du processus de fabrication d&rsquo;un bronze. Elle consiste \u00e0 rendre la fonte brute identique au mod\u00e8le original de l&rsquo;artiste.<\/p>\n\n\n\n<figure class=\"wp-block-image aligncenter size-full is-resized\"><img decoding=\"async\" width=\"618\" height=\"944\" src=\"https:\/\/atelierdubronze.fr\/wp-content\/uploads\/2025\/07\/Capture-decran-2025-07-27-a-21.32.47.png\" alt=\"\" class=\"wp-image-238\" style=\"width:351px;height:auto\" srcset=\"https:\/\/atelierdubronze.fr\/wp-content\/uploads\/2025\/07\/Capture-decran-2025-07-27-a-21.32.47.png 618w, https:\/\/atelierdubronze.fr\/wp-content\/uploads\/2025\/07\/Capture-decran-2025-07-27-a-21.32.47-196x300.png 196w\" sizes=\"(max-width: 618px) 100vw, 618px\" \/><figcaption class=\"wp-element-caption\">Fonte brute \u00ab\u00a0Angie\u00a0\u00bb<\/figcaption><\/figure>\n\n\n\n<p style=\"font-size:clamp(14px, 0.875rem + ((1vw - 3.2px) * 0.417), 18px);\">Ce sont des heures de pon\u00e7age, soudure, polissage et finitions, de travail technique et de pr\u00e9cision r\u00e9alis\u00e9s par l&rsquo;artisan bronzier d&rsquo;art pour obtenir la fonte cisel\u00e9e de couleur dor\u00e9e.<\/p>\n\n\n\n<div class=\"wp-block-group is-nowrap is-layout-flex wp-container-core-group-is-layout-6c531013 wp-block-group-is-layout-flex\">\n<figure class=\"wp-block-image size-full\"><img decoding=\"async\" width=\"612\" height=\"1016\" src=\"https:\/\/atelierdubronze.fr\/wp-content\/uploads\/2025\/07\/Capture-decran-2025-07-27-a-21.32.41-2.png\" alt=\"\" class=\"wp-image-244\" srcset=\"https:\/\/atelierdubronze.fr\/wp-content\/uploads\/2025\/07\/Capture-decran-2025-07-27-a-21.32.41-2.png 612w, https:\/\/atelierdubronze.fr\/wp-content\/uploads\/2025\/07\/Capture-decran-2025-07-27-a-21.32.41-2-181x300.png 181w\" sizes=\"(max-width: 612px) 100vw, 612px\" \/><figcaption class=\"wp-element-caption\">Soudure au MIG<\/figcaption><\/figure>\n\n\n\n<figure class=\"wp-block-image size-large\"><img decoding=\"async\" width=\"544\" height=\"1024\" src=\"https:\/\/atelierdubronze.fr\/wp-content\/uploads\/2025\/07\/Capture-decran-2025-07-27-a-21.32.37-1-544x1024.png\" alt=\"\" class=\"wp-image-245\" srcset=\"https:\/\/atelierdubronze.fr\/wp-content\/uploads\/2025\/07\/Capture-decran-2025-07-27-a-21.32.37-1-544x1024.png 544w, https:\/\/atelierdubronze.fr\/wp-content\/uploads\/2025\/07\/Capture-decran-2025-07-27-a-21.32.37-1-159x300.png 159w, https:\/\/atelierdubronze.fr\/wp-content\/uploads\/2025\/07\/Capture-decran-2025-07-27-a-21.32.37-1.png 614w\" sizes=\"(max-width: 544px) 100vw, 544px\" \/><figcaption class=\"wp-element-caption\">Ciselure en cours<\/figcaption><\/figure>\n\n\n\n<figure class=\"wp-block-image size-large\"><img decoding=\"async\" width=\"444\" height=\"1024\" src=\"https:\/\/atelierdubronze.fr\/wp-content\/uploads\/2025\/07\/Capture-decran-2025-07-27-a-21.32.27-1-444x1024.png\" alt=\"\" class=\"wp-image-246\" srcset=\"https:\/\/atelierdubronze.fr\/wp-content\/uploads\/2025\/07\/Capture-decran-2025-07-27-a-21.32.27-1-444x1024.png 444w, https:\/\/atelierdubronze.fr\/wp-content\/uploads\/2025\/07\/Capture-decran-2025-07-27-a-21.32.27-1-130x300.png 130w, https:\/\/atelierdubronze.fr\/wp-content\/uploads\/2025\/07\/Capture-decran-2025-07-27-a-21.32.27-1.png 500w\" sizes=\"(max-width: 444px) 100vw, 444px\" \/><figcaption class=\"wp-element-caption\">Fonte cisel\u00e9e<\/figcaption><\/figure>\n\n\n\n<figure class=\"wp-block-image size-large\"><img decoding=\"async\" width=\"556\" height=\"1024\" src=\"https:\/\/atelierdubronze.fr\/wp-content\/uploads\/2025\/07\/Capture-decran-2025-07-27-a-21.32.32-1-556x1024.png\" alt=\"\" class=\"wp-image-247\" srcset=\"https:\/\/atelierdubronze.fr\/wp-content\/uploads\/2025\/07\/Capture-decran-2025-07-27-a-21.32.32-1-556x1024.png 556w, https:\/\/atelierdubronze.fr\/wp-content\/uploads\/2025\/07\/Capture-decran-2025-07-27-a-21.32.32-1-163x300.png 163w, https:\/\/atelierdubronze.fr\/wp-content\/uploads\/2025\/07\/Capture-decran-2025-07-27-a-21.32.32-1.png 624w\" sizes=\"(max-width: 556px) 100vw, 556px\" \/><figcaption class=\"wp-element-caption\">Ciselure en cours<\/figcaption><\/figure>\n<\/div>\n\n\n\n<p style=\"font-size:clamp(14px, 0.875rem + ((1vw - 3.2px) * 0.417), 18px);\">Viens enfin l&rsquo;\u00e9tape de la patine, processus complexe qui n\u00e9cessite un grand savoir-faire. Cette phase consiste \u00e0 acc\u00e9l\u00e9rer le processus d&rsquo;oxydation du bronze afin de le prot\u00e9ger et de lui donner une certaine couleur, selon les diff\u00e9rentes couches d&rsquo;oxydes appliqu\u00e9s \u00e0 chaud.<\/p>\n\n\n\n<div class=\"wp-block-group is-layout-grid wp-container-core-group-is-layout-478b6e6b wp-block-group-is-layout-grid\">\n<div class=\"wp-block-group is-layout-grid wp-container-core-group-is-layout-478b6e6b wp-block-group-is-layout-grid\">\n<figure class=\"wp-block-image size-large\"><img decoding=\"async\" width=\"662\" height=\"1178\" src=\"https:\/\/atelierdubronze.fr\/wp-content\/uploads\/2025\/07\/Capture-decran-2025-07-27-a-21.32.59-edited.png\" alt=\"\" class=\"wp-image-255\" srcset=\"https:\/\/atelierdubronze.fr\/wp-content\/uploads\/2025\/07\/Capture-decran-2025-07-27-a-21.32.59-edited.png 662w, https:\/\/atelierdubronze.fr\/wp-content\/uploads\/2025\/07\/Capture-decran-2025-07-27-a-21.32.59-edited-169x300.png 169w, https:\/\/atelierdubronze.fr\/wp-content\/uploads\/2025\/07\/Capture-decran-2025-07-27-a-21.32.59-edited-575x1024.png 575w\" sizes=\"(max-width: 662px) 100vw, 662px\" \/><figcaption class=\"wp-element-caption\">Patine en cours &nbsp;<\/figcaption><\/figure>\n<\/div>\n\n\n\n<div class=\"wp-block-group is-layout-grid wp-container-core-group-is-layout-478b6e6b wp-block-group-is-layout-grid\">\n<figure class=\"wp-block-image size-large\"><img decoding=\"async\" width=\"730\" height=\"1298\" src=\"https:\/\/atelierdubronze.fr\/wp-content\/uploads\/2025\/07\/Capture-decran-2025-07-27-a-21.32.55-edited.png\" alt=\"\" class=\"wp-image-256\" srcset=\"https:\/\/atelierdubronze.fr\/wp-content\/uploads\/2025\/07\/Capture-decran-2025-07-27-a-21.32.55-edited.png 730w, https:\/\/atelierdubronze.fr\/wp-content\/uploads\/2025\/07\/Capture-decran-2025-07-27-a-21.32.55-edited-169x300.png 169w, https:\/\/atelierdubronze.fr\/wp-content\/uploads\/2025\/07\/Capture-decran-2025-07-27-a-21.32.55-edited-576x1024.png 576w\" sizes=\"(max-width: 730px) 100vw, 730px\" \/><figcaption class=\"wp-element-caption\">Patine en cours<\/figcaption><\/figure>\n<\/div>\n\n\n\n<figure class=\"wp-block-image size-large\"><img decoding=\"async\" width=\"729\" height=\"1296\" src=\"https:\/\/atelierdubronze.fr\/wp-content\/uploads\/2025\/07\/Capture-decran-2025-07-27-a-21.33.04-edited.png\" alt=\"\" class=\"wp-image-254\" srcset=\"https:\/\/atelierdubronze.fr\/wp-content\/uploads\/2025\/07\/Capture-decran-2025-07-27-a-21.33.04-edited.png 729w, https:\/\/atelierdubronze.fr\/wp-content\/uploads\/2025\/07\/Capture-decran-2025-07-27-a-21.33.04-edited-169x300.png 169w, https:\/\/atelierdubronze.fr\/wp-content\/uploads\/2025\/07\/Capture-decran-2025-07-27-a-21.33.04-edited-576x1024.png 576w\" sizes=\"(max-width: 729px) 100vw, 729px\" \/><figcaption class=\"wp-element-caption\">Bronze patin\u00e9 &#8211; Patine \u00ab\u00a0gris bleu\u00a0\u00bb<\/figcaption><\/figure>\n\n\n\n<figure class=\"wp-block-image size-large\"><img decoding=\"async\" width=\"728\" height=\"1294\" src=\"https:\/\/atelierdubronze.fr\/wp-content\/uploads\/2025\/07\/Capture-decran-2025-07-27-a-21.33.10-edited.png\" alt=\"\" class=\"wp-image-257\" srcset=\"https:\/\/atelierdubronze.fr\/wp-content\/uploads\/2025\/07\/Capture-decran-2025-07-27-a-21.33.10-edited.png 728w, https:\/\/atelierdubronze.fr\/wp-content\/uploads\/2025\/07\/Capture-decran-2025-07-27-a-21.33.10-edited-169x300.png 169w, https:\/\/atelierdubronze.fr\/wp-content\/uploads\/2025\/07\/Capture-decran-2025-07-27-a-21.33.10-edited-576x1024.png 576w\" sizes=\"(max-width: 728px) 100vw, 728px\" \/><figcaption class=\"wp-element-caption\">Bronze patin\u00e9 &#8211; Patine \u00ab\u00a0bleu vert\u00a0\u00bb<\/figcaption><\/figure>\n\n\n\n<figure class=\"wp-block-image size-large\"><img decoding=\"async\" width=\"690\" height=\"1226\" src=\"https:\/\/atelierdubronze.fr\/wp-content\/uploads\/2025\/07\/Capture-decran-2025-07-27-a-21.33.15-edited.png\" alt=\"\" class=\"wp-image-258\" srcset=\"https:\/\/atelierdubronze.fr\/wp-content\/uploads\/2025\/07\/Capture-decran-2025-07-27-a-21.33.15-edited.png 690w, https:\/\/atelierdubronze.fr\/wp-content\/uploads\/2025\/07\/Capture-decran-2025-07-27-a-21.33.15-edited-169x300.png 169w, https:\/\/atelierdubronze.fr\/wp-content\/uploads\/2025\/07\/Capture-decran-2025-07-27-a-21.33.15-edited-576x1024.png 576w\" sizes=\"(max-width: 690px) 100vw, 690px\" \/><figcaption class=\"wp-element-caption\">Bronze patin\u00e9 &#8211; Patine \u00ab\u00a0bleu vert\u00a0\u00bb<\/figcaption><\/figure>\n<\/div>\n\n\n\n<p><\/p>\n\n\n\n<p><\/p>\n\n\n\n<p class=\"has-background-color has-text-color has-link-color wp-elements-e1d8eb4dcfbf6743d6f442aabc1c9f9b\">#artetbronze#atelierdubronze#artisandart#artisan#artisanfrancais#ciselure#patine#restauration#gravure#surmesure#realisationsurmesure#expertise#expertisetechnique#techniqueartisanale#passion#metierdart#restaurationbronze#creationbronze#surmesure#artetbronze#atelierdubronze#savoirfaire#oxyde#bronzecontemporain#bronzeancien#patinetraditionnelle#bronzierdart<\/p>\n\n\n\n<p class=\"has-background-color has-text-color has-link-color wp-elements-a911c1e84d24e6faf78292314ec0274f\"><\/p>\n\n\n\n<p class=\"has-background-color has-text-color has-link-color wp-elements-a911c1e84d24e6faf78292314ec0274f\"><\/p>\n","protected":false},"excerpt":{"rendered":"<p>Notre savoir-faire Notre ma\u00eetrise des techniques traditionnelles nous permet de restaurer ou de r\u00e9aliser des bronzes dans la plus pure tradition de la fonte d&rsquo;art fran\u00e7aise. Equip\u00e9 de poste TIG, scanner 3d et imprimante 3d, nous sommes \u00e0 m\u00eame de proposer des solutions innovantes pour vos r\u00e9alisations. agrandissement 3D de \u00ab\u00a0la levantine\u00a0\u00bb &#8211; bronze patin\u00e9 &hellip; <\/p>\n<p class=\"link-more\"><a href=\"https:\/\/atelierdubronze.fr\/?page_id=465\" class=\"more-link\">Lire la suite de<span class=\"screen-reader-text\">\u00ab\u00a0Ciselure\u00a0\u00bb<\/span><\/a><\/p>\n","protected":false},"author":1,"featured_media":0,"parent":0,"menu_order":0,"comment_status":"closed","ping_status":"closed","template":"","meta":{"footnotes":""},"class_list":["post-465","page","type-page","status-publish","hentry"],"_links":{"self":[{"href":"https:\/\/atelierdubronze.fr\/index.php?rest_route=\/wp\/v2\/pages\/465","targetHints":{"allow":["GET"]}}],"collection":[{"href":"https:\/\/atelierdubronze.fr\/index.php?rest_route=\/wp\/v2\/pages"}],"about":[{"href":"https:\/\/atelierdubronze.fr\/index.php?rest_route=\/wp\/v2\/types\/page"}],"author":[{"embeddable":true,"href":"https:\/\/atelierdubronze.fr\/index.php?rest_route=\/wp\/v2\/users\/1"}],"replies":[{"embeddable":true,"href":"https:\/\/atelierdubronze.fr\/index.php?rest_route=%2Fwp%2Fv2%2Fcomments&post=465"}],"version-history":[{"count":17,"href":"https:\/\/atelierdubronze.fr\/index.php?rest_route=\/wp\/v2\/pages\/465\/revisions"}],"predecessor-version":[{"id":649,"href":"https:\/\/atelierdubronze.fr\/index.php?rest_route=\/wp\/v2\/pages\/465\/revisions\/649"}],"wp:attachment":[{"href":"https:\/\/atelierdubronze.fr\/index.php?rest_route=%2Fwp%2Fv2%2Fmedia&parent=465"}],"curies":[{"name":"wp","href":"https:\/\/api.w.org\/{rel}","templated":true}]}}