{"id":344,"date":"2025-08-18T13:00:00","date_gmt":"2025-08-18T13:00:00","guid":{"rendered":"https:\/\/atelierdubronze.fr\/?page_id=344"},"modified":"2025-08-18T14:24:42","modified_gmt":"2025-08-18T14:24:42","slug":"conseils","status":"publish","type":"page","link":"https:\/\/atelierdubronze.fr\/?page_id=344","title":{"rendered":"Conseils d&rsquo;entretiens"},"content":{"rendered":"\n<h2 class=\"wp-block-heading\">Conseils pour entretenir vos objets et sculptures en bronze<\/h2>\n\n\n\n<p>Voici nos suggestions pour le bon entretien de vos bronzes, cela n\u00e9cessite quelques pr\u00e9cautions.<br>Le bronze est un mat\u00e9riau vivant et poreux qui peut changer d&rsquo;\u00e9tat si vous lui appliquez des substances acido-basiques. (Exemple&nbsp;: eau, contact des mains +\/- acides, vinaigre, produits d\u2019entretiens quel qu\u2019il soit)<br>Le meilleur moyen d\u2019entretenir vos bronzes est d\u2019utiliser r\u00e9guli\u00e8rement un chiffon doux et propre, et de nettoyer la pi\u00e8ce pour lui redonner son \u00e9clat.<br>Frotter doucement pour ne pas alt\u00e9rer la patine du bronze.<br>Le chiffon peut \u00eatre humidifi\u00e9 avec une eau savonneuse si n\u00e9cessaire, essuyer avec un chiffon humide, puis s\u00e9cher avec un chiffon sec (\u00e9tape indispensable).<br><br><strong>Ne pas utiliser de produits de nettoyage abrasifs, solvants, eau de Javel, ou produits chimiques agressifs<\/strong>&nbsp;pour nettoyer vos bronzes. Ces produits peuvent ab\u00eemer la protection et la finition des \u0153uvres et les endommager.<br><strong>Ne pas utiliser d\u2019objet pointu, rayant ou coupant<\/strong>&nbsp;comme les cl\u00e9s, bagues, ou autres objets qui pourrait endommager vos pi\u00e8ces.<\/p>\n\n\n\n<p>\u00c9vitez de toucher la surface du bronze avec les doigts car les acides de la peau peuvent endommager le bronze.<br>\u00c9vitez de placer des objets chauds ou humides sur la surface du bronze car cela peut causer des t\u00e2ches et\/ou des marques.<\/p>\n\n\n\n<p>Pour faire briller les bronzes :<br>Si vous souhaitez conserver un aspect brillant de la patine de la sculpture, tout d\u2019abord d\u00e9poussi\u00e9rer avec un chiffon doux. Puis appliquer une fine couche de cire d\u2019abeille incolore sur un chiffon de coton doux puis sur la sculpture. Enfin bien lustrer avec un chiffon sec.<\/p>\n\n\n\n<p>Cela limitera le contact du bronze avec l&rsquo;air ambiant et ralentira ainsi l\u2019oxydation naturelle.<\/p>\n\n\n\n<p>Pour enlever le vert-de-gris :<br>Si vous constatez des petites t\u00e2ches vertes claires ou blanches \u00e0 travers les pores de votre sculpture, ne vous inqui\u00e9tez pas! c&rsquo;est le signe d&rsquo;une bonne qualit\u00e9 du bronze.<br>En effet, il s&rsquo;agit d&rsquo;une oxydation normale et naturelle du cuivre, composant principal du bronze.<br>Pour att\u00e9nuer cette oxydation, il vous suffit de frotter la sculpture avec une brosse non abrasive, de l&rsquo;eau savonneuse (savon de Marseille) additionn\u00e9e d&rsquo;alcool ou avec de l&rsquo;alcool dans lequel on a dissout du sel. Puis cirer la sculpture \u00e0 la cire d\u2019abeille incolore.<\/p>\n\n\n\n<p>Pour les bronzes en ext\u00e9rieur :<br>A l&rsquo;ext\u00e9rieur aucune patine ne r\u00e9siste dans le temps.<br>Le bronze se recouvrira de vert-de-gris (cf. bronze des villes).<br>Pour retarder cette oxydation naturelle, nettoyez \u00e0 l&rsquo;eau savonneuse (savon de Marseille) puis cirez la sculpture une \u00e0 deux fois par an \u00e0 la cire antiquaire incolore.<\/p>\n\n\n\n<p><strong>Si l\u2019oxydation est trop avanc\u00e9e, une restauration de patine est \u00e0 envisager si vous souhaitez retrouver l\u2019aspect d\u2019origine.<\/strong><br><strong>Sinon l\u2019oxydation naturelle se poursuivra en vert-de-gris et n\u2019alt\u00e8rera en aucun cas votre bronze.<\/strong><\/p>\n\n\n\n<div class=\"wp-block-cover alignfull is-light has-parallax\" style=\"min-height:492px;aspect-ratio:unset;\"><div class=\"wp-block-cover__image-background wp-image-216 size-full has-parallax\" style=\"background-position:50% 50%;background-image:url(http:\/\/atelierdubronze.fr\/wp-content\/uploads\/2025\/07\/bronze-cisele-de-Marie-Paule-Deville-Chabrolle-atelier-dart-Art-Bronze-.webp)\"><\/div><span aria-hidden=\"true\" class=\"wp-block-cover__background has-background-dim\" style=\"background-color:#bbaba2\"><\/span><div class=\"wp-block-cover__inner-container is-layout-flow wp-block-cover-is-layout-flow\">\n<p><\/p>\n<\/div><\/div>\n","protected":false},"excerpt":{"rendered":"<p>Conseils pour entretenir vos objets et sculptures en bronze Voici nos suggestions pour le bon entretien de vos bronzes, cela n\u00e9cessite quelques pr\u00e9cautions.Le bronze est un mat\u00e9riau vivant et poreux qui peut changer d&rsquo;\u00e9tat si vous lui appliquez des substances acido-basiques. (Exemple&nbsp;: eau, contact des mains +\/- acides, vinaigre, produits d\u2019entretiens quel qu\u2019il soit)Le meilleur &hellip; <\/p>\n<p class=\"link-more\"><a href=\"https:\/\/atelierdubronze.fr\/?page_id=344\" class=\"more-link\">Lire la suite de<span class=\"screen-reader-text\">\u00ab\u00a0Conseils d&rsquo;entretiens\u00a0\u00bb<\/span><\/a><\/p>\n","protected":false},"author":1,"featured_media":0,"parent":29,"menu_order":0,"comment_status":"closed","ping_status":"closed","template":"","meta":{"footnotes":""},"class_list":["post-344","page","type-page","status-publish","hentry"],"_links":{"self":[{"href":"https:\/\/atelierdubronze.fr\/index.php?rest_route=\/wp\/v2\/pages\/344","targetHints":{"allow":["GET"]}}],"collection":[{"href":"https:\/\/atelierdubronze.fr\/index.php?rest_route=\/wp\/v2\/pages"}],"about":[{"href":"https:\/\/atelierdubronze.fr\/index.php?rest_route=\/wp\/v2\/types\/page"}],"author":[{"embeddable":true,"href":"https:\/\/atelierdubronze.fr\/index.php?rest_route=\/wp\/v2\/users\/1"}],"replies":[{"embeddable":true,"href":"https:\/\/atelierdubronze.fr\/index.php?rest_route=%2Fwp%2Fv2%2Fcomments&post=344"}],"version-history":[{"count":4,"href":"https:\/\/atelierdubronze.fr\/index.php?rest_route=\/wp\/v2\/pages\/344\/revisions"}],"predecessor-version":[{"id":443,"href":"https:\/\/atelierdubronze.fr\/index.php?rest_route=\/wp\/v2\/pages\/344\/revisions\/443"}],"up":[{"embeddable":true,"href":"https:\/\/atelierdubronze.fr\/index.php?rest_route=\/wp\/v2\/pages\/29"}],"wp:attachment":[{"href":"https:\/\/atelierdubronze.fr\/index.php?rest_route=%2Fwp%2Fv2%2Fmedia&parent=344"}],"curies":[{"name":"wp","href":"https:\/\/api.w.org\/{rel}","templated":true}]}}