{"id":33,"date":"2025-07-26T19:49:29","date_gmt":"2025-07-26T19:49:29","guid":{"rendered":"https:\/\/atelierdubronze.fr\/?page_id=33"},"modified":"2025-08-18T14:23:31","modified_gmt":"2025-08-18T14:23:31","slug":"contact","status":"publish","type":"page","link":"https:\/\/atelierdubronze.fr\/?page_id=33","title":{"rendered":"Contact"},"content":{"rendered":"\n<figure class=\"wp-block-image aligncenter size-full is-resized\"><img decoding=\"async\" width=\"1000\" height=\"563\" src=\"https:\/\/atelierdubronze.fr\/wp-content\/uploads\/2025\/07\/fz0qh-10-2023-Facebook-Cover-2.jpg\" alt=\"\" class=\"wp-image-162\" style=\"width:549px;height:auto\" srcset=\"https:\/\/atelierdubronze.fr\/wp-content\/uploads\/2025\/07\/fz0qh-10-2023-Facebook-Cover-2.jpg 1000w, https:\/\/atelierdubronze.fr\/wp-content\/uploads\/2025\/07\/fz0qh-10-2023-Facebook-Cover-2-300x169.jpg 300w\" sizes=\"(max-width: 1000px) 100vw, 1000px\" \/><\/figure>\n\n\n\n<div class=\"wp-block-group has-global-padding is-layout-constrained wp-block-group-is-layout-constrained\">\n<div class=\"wp-block-columns are-vertically-aligned-center is-layout-flex wp-container-core-columns-is-layout-28f84493 wp-block-columns-is-layout-flex\">\n<div class=\"wp-block-column is-vertically-aligned-center is-layout-flow wp-block-column-is-layout-flow\">\n<h2 class=\"wp-block-heading has-large-font-size\" style=\"font-style:normal;font-weight:700\">Nous contacter<\/h2>\n\n\n\n<p style=\"font-size:clamp(0.875em, 0.875rem + ((1vw - 0.2em) * 0.375), 1.1em);\">ART &amp; BRONZE<br>Atelier d&rsquo;art<br>54 rue de la cerisaille<br>45650 Saint-Jean-Le-Blanc<br>Tel : 02.38.55.31.75<\/p>\n\n\n\n<ul class=\"wp-block-social-links has-icon-color is-style-logos-only is-layout-flex wp-block-social-links-is-layout-flex\"><li style=\"color:#000000;\" class=\"wp-social-link wp-social-link-facebook has-black-color wp-block-social-link\"><a href=\"https:\/\/www.facebook.com\/artetbronze\" class=\"wp-block-social-link-anchor\"><svg width=\"24\" height=\"24\" viewBox=\"0 0 24 24\" version=\"1.1\" xmlns=\"http:\/\/www.w3.org\/2000\/svg\" aria-hidden=\"true\" focusable=\"false\"><path d=\"M12 2C6.5 2 2 6.5 2 12c0 5 3.7 9.1 8.4 9.9v-7H7.9V12h2.5V9.8c0-2.5 1.5-3.9 3.8-3.9 1.1 0 2.2.2 2.2.2v2.5h-1.3c-1.2 0-1.6.8-1.6 1.6V12h2.8l-.4 2.9h-2.3v7C18.3 21.1 22 17 22 12c0-5.5-4.5-10-10-10z\"><\/path><\/svg><span class=\"wp-block-social-link-label screen-reader-text\">Facebook<\/span><\/a><\/li>\n\n<li style=\"color:#000000;\" class=\"wp-social-link wp-social-link-instagram has-black-color wp-block-social-link\"><a href=\"https:\/\/www.instagram.com\/artetbronze\/?utm_source=ig_web_button_share_sheet\" class=\"wp-block-social-link-anchor\"><svg width=\"24\" height=\"24\" viewBox=\"0 0 24 24\" version=\"1.1\" xmlns=\"http:\/\/www.w3.org\/2000\/svg\" aria-hidden=\"true\" focusable=\"false\"><path d=\"M12,4.622c2.403,0,2.688,0.009,3.637,0.052c0.877,0.04,1.354,0.187,1.671,0.31c0.42,0.163,0.72,0.358,1.035,0.673 c0.315,0.315,0.51,0.615,0.673,1.035c0.123,0.317,0.27,0.794,0.31,1.671c0.043,0.949,0.052,1.234,0.052,3.637 s-0.009,2.688-0.052,3.637c-0.04,0.877-0.187,1.354-0.31,1.671c-0.163,0.42-0.358,0.72-0.673,1.035 c-0.315,0.315-0.615,0.51-1.035,0.673c-0.317,0.123-0.794,0.27-1.671,0.31c-0.949,0.043-1.233,0.052-3.637,0.052 s-2.688-0.009-3.637-0.052c-0.877-0.04-1.354-0.187-1.671-0.31c-0.42-0.163-0.72-0.358-1.035-0.673 c-0.315-0.315-0.51-0.615-0.673-1.035c-0.123-0.317-0.27-0.794-0.31-1.671C4.631,14.688,4.622,14.403,4.622,12 s0.009-2.688,0.052-3.637c0.04-0.877,0.187-1.354,0.31-1.671c0.163-0.42,0.358-0.72,0.673-1.035 c0.315-0.315,0.615-0.51,1.035-0.673c0.317-0.123,0.794-0.27,1.671-0.31C9.312,4.631,9.597,4.622,12,4.622 M12,3 C9.556,3,9.249,3.01,8.289,3.054C7.331,3.098,6.677,3.25,6.105,3.472C5.513,3.702,5.011,4.01,4.511,4.511 c-0.5,0.5-0.808,1.002-1.038,1.594C3.25,6.677,3.098,7.331,3.054,8.289C3.01,9.249,3,9.556,3,12c0,2.444,0.01,2.751,0.054,3.711 c0.044,0.958,0.196,1.612,0.418,2.185c0.23,0.592,0.538,1.094,1.038,1.594c0.5,0.5,1.002,0.808,1.594,1.038 c0.572,0.222,1.227,0.375,2.185,0.418C9.249,20.99,9.556,21,12,21s2.751-0.01,3.711-0.054c0.958-0.044,1.612-0.196,2.185-0.418 c0.592-0.23,1.094-0.538,1.594-1.038c0.5-0.5,0.808-1.002,1.038-1.594c0.222-0.572,0.375-1.227,0.418-2.185 C20.99,14.751,21,14.444,21,12s-0.01-2.751-0.054-3.711c-0.044-0.958-0.196-1.612-0.418-2.185c-0.23-0.592-0.538-1.094-1.038-1.594 c-0.5-0.5-1.002-0.808-1.594-1.038c-0.572-0.222-1.227-0.375-2.185-0.418C14.751,3.01,14.444,3,12,3L12,3z M12,7.378 c-2.552,0-4.622,2.069-4.622,4.622S9.448,16.622,12,16.622s4.622-2.069,4.622-4.622S14.552,7.378,12,7.378z M12,15 c-1.657,0-3-1.343-3-3s1.343-3,3-3s3,1.343,3,3S13.657,15,12,15z M16.804,6.116c-0.596,0-1.08,0.484-1.08,1.08 s0.484,1.08,1.08,1.08c0.596,0,1.08-0.484,1.08-1.08S17.401,6.116,16.804,6.116z\"><\/path><\/svg><span class=\"wp-block-social-link-label screen-reader-text\">Instagram<\/span><\/a><\/li><\/ul>\n<\/div>\n\n\n\n<div class=\"wp-block-column is-vertically-aligned-center is-layout-flow wp-block-column-is-layout-flow\">\n<div style=\"height:68px\" aria-hidden=\"true\" class=\"wp-block-spacer\"><\/div>\n\n\n\n<iframe src=\"https:\/\/www.google.com\/maps\/embed?pb=!1m18!1m12!1m3!1d51968.35023718174!2d1.9279335843453314!3d47.896880223842764!2m3!1f0!2f0!3f0!3m2!1i1024!2i768!4f13.1!3m3!1m2!1s0x47e4e4bccec3626d%3A0xd65e58a5f2157891!2sART%20%26%20BRONZE%20-%20SARL%20SEAD!5e0!3m2!1sfr!2sfr!4v1753559351048!5m2!1sfr!2sfr\" width=\"600\" height=\"450\" style=\"border:0;\" allowfullscreen=\"\" loading=\"lazy\" referrerpolicy=\"no-referrer-when-downgrade\"><\/iframe>\n<\/div>\n<\/div>\n<\/div>\n\n\n\n<h2 class=\"wp-block-heading\">Formulaire de contact <\/h2>\n\n\n\n<div class=\"wpcf7 no-js\" id=\"wpcf7-f437-o1\" lang=\"fr-FR\" dir=\"ltr\" data-wpcf7-id=\"437\">\n<div class=\"screen-reader-response\"><p role=\"status\" aria-live=\"polite\" aria-atomic=\"true\"><\/p> <ul><\/ul><\/div>\n<form action=\"\/index.php?rest_route=%2Fwp%2Fv2%2Fpages%2F33#wpcf7-f437-o1\" method=\"post\" class=\"wpcf7-form init\" aria-label=\"Formulaire de contact\" novalidate=\"novalidate\" data-status=\"init\">\n<fieldset class=\"hidden-fields-container\"><input type=\"hidden\" name=\"_wpcf7\" value=\"437\" \/><input type=\"hidden\" name=\"_wpcf7_version\" value=\"6.1.4\" \/><input type=\"hidden\" name=\"_wpcf7_locale\" value=\"fr_FR\" \/><input type=\"hidden\" name=\"_wpcf7_unit_tag\" value=\"wpcf7-f437-o1\" \/><input type=\"hidden\" name=\"_wpcf7_container_post\" value=\"0\" \/><input type=\"hidden\" name=\"_wpcf7_posted_data_hash\" value=\"\" \/>\n<\/fieldset>\n<style>\n body {\n font-family: 'Nunito Sans', sans-serif;\n }\n label {\n display: block;\n margin-bottom: 15px;\n }\n input, textarea {\n width: 100%;\n padding: 10px;\n border: 1px solid #ccc;\n border-radius: 5px;\n margin-top: 5px;\n background-color: #DEDEDE; \/* Gris *\/\n font-family: 'Nunito Sans', sans-serif;\n }\n textarea {\n resize: none;\n }\n<\/style>\n<p><label> Votre nom<br \/>\n<span class=\"wpcf7-form-control-wrap\" data-name=\"your-name\"><input size=\"40\" maxlength=\"400\" class=\"wpcf7-form-control wpcf7-text wpcf7-validates-as-required\" autocomplete=\"name\" aria-required=\"true\" aria-invalid=\"false\" value=\"\" type=\"text\" name=\"your-name\" \/><\/span> <\/label>\n<\/p>\n<p><label> Votre Email<br \/>\n<span class=\"wpcf7-form-control-wrap\" data-name=\"your-email\"><input size=\"40\" maxlength=\"400\" class=\"wpcf7-form-control wpcf7-email wpcf7-validates-as-required wpcf7-text wpcf7-validates-as-email\" autocomplete=\"email\" aria-required=\"true\" aria-invalid=\"false\" value=\"\" type=\"email\" name=\"your-email\" \/><\/span> <\/label>\n<\/p>\n<p><label> Votre ville de domiciliation<br \/>\n<span class=\"wpcf7-form-control-wrap\" data-name=\"ville\"><input size=\"40\" maxlength=\"400\" class=\"wpcf7-form-control wpcf7-text wpcf7-validates-as-required\" aria-required=\"true\" aria-invalid=\"false\" value=\"\" type=\"text\" name=\"ville\" \/><\/span> <\/label>\n<\/p>\n<p><label> Num\u00e9ro de t\u00e9l\u00e9phone<br \/>\n<span class=\"wpcf7-form-control-wrap\" data-name=\"telephone\"><input size=\"40\" maxlength=\"400\" class=\"wpcf7-form-control wpcf7-text wpcf7-validates-as-required\" aria-required=\"true\" aria-invalid=\"false\" value=\"\" type=\"text\" name=\"telephone\" \/><\/span> <\/label>\n<\/p>\n<p><label> Votre message<br \/>\n<span class=\"wpcf7-form-control-wrap\" data-name=\"your-message\"><textarea cols=\"40\" rows=\"10\" maxlength=\"2000\" class=\"wpcf7-form-control wpcf7-textarea wpcf7-validates-as-required\" aria-required=\"true\" aria-invalid=\"false\" name=\"your-message\"><\/textarea><\/span> <\/label>\n<\/p>\n<p><p><span class=\"wpcf7-form-control-wrap\"><input type=\"hidden\" name=\"php_start_time\" value=\"1776782635.8349\" \/><input type=\"hidden\" name=\"js_end_time\" class=\"js_end_time\" value=\"\" \/><input type=\"hidden\" name=\"js_start_time\" class=\"js_start_time\" value=\"\" \/><div class=\"f12-captcha template-2\">\r\n    <div class=\"c-header\">\r\n        <!-- Label korrekt mit `for` verkn\u00fcpfen -->\r\n        <div class=\"c-label\">\r\n            <label for=\"c_a5d31e42e6b4bec2682a\">\r\n\t\t\t\t            <\/label>\r\n        <\/div>\r\n\r\n        <!-- CAPTCHA-Daten mit Aria LIVE markieren -->\r\n        <div class=\"c-data\" aria-live=\"polite\" aria-atomic=\"true\" aria-describedby=\"captcha-instructions\">\r\n\t\t\t<span class=\"captcha-image\"><img decoding=\"async\" id=\"cpi_69e78d2c1b4556.18691155\" alt=\"captcha\" src=\"data:image\/png;base64,iVBORw0KGgoAAAANSUhEUgAAAH0AAAAeCAMAAAA2PuHjAAAA8FBMVEX\/\/\/\/IyMjx8fHc3NzOzs74+Pjq6urV1dXj4+NFZ4nh5eqGl6hVc5Bcepeis8Tn7PBYdpSKoLVlf5ixucLQ2eFWc5G5xtKJmqtpgpxzjaa3u8Cnr7jGztdXdJJ2i6DIyMhFZ4lZd5WWo7CCmK17kKXb3+S7xMxwiaOrtLzP09d9kqiUpbbIyMhFZ4m0wc6FmrDAydGbrL28wcXIyMhFZ4nL09xqhJ2ap7SNnq+suMWXqLm2vsfIyMhFZ4nDx8uwvcqntMHV2d1XdZPIyMjs7Ozr6+vZ2dnf399FZ4mfq7iInbJuh6GAlapngJp4jaJshp97Or6hAAAACXBIWXMAAA7EAAAOxAGVKw4bAAADqElEQVRIie1WW3ucNhAFIRDsIogwSw1rg4xT20lgWxfctA3USWlT9Zb+\/3\/TkbiYuv0Mqd23nJdFy2jOjObMIE37hE94ACb62A0KT0OOimLRE7IJwJZ2VjcC20\/AbmKyxG40AwxTsWMJ+CVPQL8IArTINBEEgSX7UCl4Mh7j9qGKW2TMzGqawQ41jY0mds3ouv9Q\/ZGUZLhfon++NKtqLKvRTCcM2c\/YZ49LQAbWsSFjNbJMOUZZZqkgCkPz\/dF\/VanjtKpqzIs030eMeaGmjuHHrrsNe2uz66x15Ibew1I5Z0hFgftXBdG8Mhq5qkrZVFNNjW2rQMEEIWAXQtAYolmdO5BD3ojouilVLnnNIXXNLrDm0XA0BXqkbbb55Pi2bdO3By9uWxkh6vaiB\/2lw6vIN1vXoR48YF2mBGduTKkDezEz9W9whc2v66Ppn7jNodmwfdvGij0Xv5qbw\/VvQuSrUvefORIMmHRJGZ\/lGRz\/OVP1s4piM2Ue1vUBV0kd3FWUtu+w6vb0JZLsqdiqaZOLy1WpUyc40kLqjBwhf5Zk2XPO1AqG3aH0\/kaf1q\/vdrOWSc324wakFoirftyI3RrRhc5OB5X70ShszePPs5zH\/cIsii\/K8M66rq9rt7pz7NO2ZZFv2jB1GmKC6HrjGxF0K4Zt5Hym3zOjPOf882FRFGflPNi6rrdSehM9k5KPIw3BAfyUKMUxjwnxZs24+Rf2C855ng1bcVLG85dA\/0010athEzI4gNg3m+b9XpzRXvMhWtPwoXOspB7GoalaDghdfpmNoid5yeb230Ly1xUoX63spum9xFB\/0rzfit9hEbGefcXRO06ipO6EltK8Zm8h94ss60co2U6zRmFXH9H6u5H+0k2GBGmr4ebnVLxVK1\/Qd6uGnee4e9tnDoV+V8Fe8dOI03HkGkHpz6xP6hT5tD4f6Fm7Hb4ytH0BdXfFRW\/HxOuuWyaXWSucEF05fOHyE41xj\/Tjzi53c+Pj+koKXdKrerVALy8WUfuDbDkhbHW3QefQ9+suGN6p46aJrmOZhRnwl+Cf8w0m0v+XZTozvakD6RP6cxClB4IP0nTXtnsg94W7V8MGtL9ffbuxyPiN017xY\/kbjQ1\/Xeazxnl1\/Obe1oiqr4y7JxB7JOW+++PDh1Px56PuduEwfi7LZMGPH0aHTW\/jeywevjL+w5tWwfdLt\/jIay1EE4XLZsuIyrJMl2+1\/xOAPUgedTt8FIyvnuRifg9\/AdIYdWlgDuSPAAAAAElFTkSuQmCC\"\/><\/span>        <\/div>\r\n\r\n        <!-- CAPTCHA Reload mit Tastenzug\u00e4nglichkeit -->\r\n        <div class=\"c-reload\" role=\"button\" tabindex=\"0\" aria-label=\"Actualiser le CAPTCHA\">\r\n\t\t\t<a href=\"javascript:void(0);\" class=\"cf7 captcha-reload\" title=\"Recharger le CAPTCHA\"><img decoding=\"async\" style=\"margin-top:5px;\" src=\"https:\/\/atelierdubronze.fr\/wp-content\/plugins\/captcha-for-contact-form-7\/core\/assets\/reload-icon.png\" alt=\"Recharger\"\/><\/a>        <\/div>\r\n    <\/div>\r\n\r\n    <!-- Versteckte Eingabewerte -->\r\n    <input type=\"hidden\" id=\"hash_c_a5d31e42e6b4bec2682a\"\r\n           name=\"f12_captcha_hash\"\r\n           value=\"$2y$12$OdLVu7QP.1aay\/pqIez1jeN2XMhXPT7f0Q2UpkU\/Nyhd.OcClrcSq\"\/>\r\n\r\n    <!-- Eingabefeld mit Barrierefreiheitsattributen -->\r\n    <div class=\"\" >\r\n        <input class=\"f12c \"\r\n               data-method=\"image\"                type=\"text\"\r\n               id=\"c_a5d31e42e6b4bec2682a\"\r\n               name=\"f12_captcha\"\r\n               placeholder=\"Ecrivez ce que vous voyez sur cette image.\"\r\n               value=\"\"\r\n               aria-required=\"true\"\r\n               aria-describedby=\"captcha-instructions\"\/>\r\n    <\/div>\r\n\r\n    <!-- Screenreader-Hinweise -->\r\n    <p id=\"captcha-instructions\" class=\"screen-reader-text\">\r\n\t\tVeuillez saisir les caract\u00e8res affich\u00e9s dans le CAPTCHA pour v\u00e9rifier que vous \u00eates humain.    <\/p>\r\n<\/div><\/span><\/p><input class=\"wpcf7-form-control wpcf7-submit has-spinner\" type=\"submit\" value=\"Soumettre\" \/>\n<\/p><div class=\"wpcf7-response-output\" aria-hidden=\"true\"><\/div>\n<\/form>\n<\/div>\n\n","protected":false},"excerpt":{"rendered":"<p>Nous contacter ART &amp; BRONZEAtelier d&rsquo;art54 rue de la cerisaille45650 Saint-Jean-Le-BlancTel : 02.38.55.31.75 Formulaire de contact<\/p>\n","protected":false},"author":1,"featured_media":0,"parent":0,"menu_order":0,"comment_status":"closed","ping_status":"closed","template":"","meta":{"footnotes":""},"class_list":["post-33","page","type-page","status-publish","hentry"],"_links":{"self":[{"href":"https:\/\/atelierdubronze.fr\/index.php?rest_route=\/wp\/v2\/pages\/33","targetHints":{"allow":["GET"]}}],"collection":[{"href":"https:\/\/atelierdubronze.fr\/index.php?rest_route=\/wp\/v2\/pages"}],"about":[{"href":"https:\/\/atelierdubronze.fr\/index.php?rest_route=\/wp\/v2\/types\/page"}],"author":[{"embeddable":true,"href":"https:\/\/atelierdubronze.fr\/index.php?rest_route=\/wp\/v2\/users\/1"}],"replies":[{"embeddable":true,"href":"https:\/\/atelierdubronze.fr\/index.php?rest_route=%2Fwp%2Fv2%2Fcomments&post=33"}],"version-history":[{"count":11,"href":"https:\/\/atelierdubronze.fr\/index.php?rest_route=\/wp\/v2\/pages\/33\/revisions"}],"predecessor-version":[{"id":442,"href":"https:\/\/atelierdubronze.fr\/index.php?rest_route=\/wp\/v2\/pages\/33\/revisions\/442"}],"wp:attachment":[{"href":"https:\/\/atelierdubronze.fr\/index.php?rest_route=%2Fwp%2Fv2%2Fmedia&parent=33"}],"curies":[{"name":"wp","href":"https:\/\/api.w.org\/{rel}","templated":true}]}}